{"id":143,"date":"2023-10-11T17:18:10","date_gmt":"2023-10-11T15:18:10","guid":{"rendered":"https:\/\/schv.eu\/?page_id=143"},"modified":"2024-03-26T09:36:55","modified_gmt":"2024-03-26T08:36:55","slug":"publications-speleologie-schv","status":"publish","type":"page","link":"https:\/\/schv.eu\/index.php\/publications-speleologie-schv\/","title":{"rendered":"Rapports et \u00e9tudes"},"content":{"rendered":"\n<h2 class=\"wp-block-heading\" style=\"font-size:16px\">Activit\u00e9s d&rsquo;exploration de sp\u00e9l\u00e9ologie du Sp\u00e9l\u00e9o-club de la Haute-Vienne, et reconnaissance d\u2019aqueducs souterrains autour de Limoges.<\/h2>\n\n\n\n<h2 class=\"wp-block-heading\" style=\"font-size:17px\">  <\/h2>\n\n\n\n<h2 class=\"wp-block-heading\"><\/h2>\n\n\n\n<div class=\"wp-block-media-text is-stacked-on-mobile\"><figure class=\"wp-block-media-text__media\"><img loading=\"lazy\" decoding=\"async\" width=\"1024\" height=\"473\" src=\"https:\/\/schv.eu\/wp-content\/uploads\/2024\/03\/20230701_160913-1024x473.jpg\" alt=\"\" class=\"wp-image-859 size-full\" srcset=\"https:\/\/schv.eu\/wp-content\/uploads\/2024\/03\/20230701_160913-1024x473.jpg 1024w, https:\/\/schv.eu\/wp-content\/uploads\/2024\/03\/20230701_160913-300x139.jpg 300w, https:\/\/schv.eu\/wp-content\/uploads\/2024\/03\/20230701_160913-768x355.jpg 768w, https:\/\/schv.eu\/wp-content\/uploads\/2024\/03\/20230701_160913-1536x710.jpg 1536w, https:\/\/schv.eu\/wp-content\/uploads\/2024\/03\/20230701_160913-2048x946.jpg 2048w\" sizes=\"auto, (max-width: 1024px) 100vw, 1024px\" \/><\/figure><div class=\"wp-block-media-text__content\">\n<p style=\"font-size:29px\"><strong><a href=\"https:\/\/schv.eu\/wp-content\/uploads\/2024\/03\/rapport-Racha-2023-version-4.pdf\">Rapport exp\u00e9dition Racha \u10e0\u10d0\u10ed\u10d0 (G\u00e9orgie) 2023<\/a><\/strong><\/p>\n<\/div><\/div>\n\n\n\n<p><a href=\"https:\/\/schv.eu\/wp-content\/uploads\/2023\/10\/Projet-de-coloration-Taupe-Arbailles.pdf\"><\/a><\/p>\n\n\n\n<p class=\"has-white-color has-text-color\">sp\u00e9l\u00e9ologie Limoges Haute-Vienne<\/p>\n\n\n\n<div class=\"wp-block-group\"><div class=\"wp-block-group__inner-container is-layout-constrained wp-block-group-is-layout-constrained\">\n<p class=\"has-white-color has-text-color\">sp\u00e9l\u00e9ologie Limoges Haute-Vienne<\/p>\n\n\n\n<p><\/p>\n\n\n\n<div class=\"wp-block-media-text is-stacked-on-mobile\"><figure class=\"wp-block-media-text__media\"><img loading=\"lazy\" decoding=\"async\" width=\"642\" height=\"855\" src=\"https:\/\/schv.eu\/wp-content\/uploads\/2023\/10\/equipe-meandre.jpg\" alt=\"\" class=\"wp-image-195 size-full\" srcset=\"https:\/\/schv.eu\/wp-content\/uploads\/2023\/10\/equipe-meandre.jpg 642w, https:\/\/schv.eu\/wp-content\/uploads\/2023\/10\/equipe-meandre-225x300.jpg 225w\" sizes=\"auto, (max-width: 642px) 100vw, 642px\" \/><\/figure><div class=\"wp-block-media-text__content\">\n<h2 class=\"wp-block-heading\"><strong><a href=\"https:\/\/schv.eu\/wp-content\/uploads\/2023\/10\/Projet-de-coloration-Taupe-Arbailles.pdf\">Projet de coloration Taupe Arbailles, commune d&rsquo;Aussurucq, Pyr\u00e9n\u00e9es-Atlantiques<\/a><\/strong><\/h2>\n\n\n\n<p>Avec nos amis du Sp\u00e9l\u00e9o-club de Saint-Herblain (44), le projet mettait en avant l&rsquo;hypoth\u00e8se d&rsquo;une liaison hydrologique des cavit\u00e9s que nous avons explor\u00e9es avec l&rsquo;\u00e9mergence des Cent Sources ! projet destin\u00e9 aux institutions.<\/p>\n<\/div><\/div>\n<\/div><\/div>\n\n\n\n<div class=\"wp-block-group is-vertical is-layout-flex wp-container-core-group-is-layout-8cad6afd wp-block-group-is-layout-flex\">\n<h2 class=\"wp-block-heading\"><a href=\"https:\/\/schv.eu\/wp-content\/uploads\/2023\/10\/Tracage-riviere-de-la-Taupe-6-au-10-mars-2021.pdf\"><\/a><\/h2>\n\n\n\n<p><\/p>\n\n\n\n<div class=\"wp-block-media-text is-stacked-on-mobile\" style=\"grid-template-columns:62% auto\"><figure class=\"wp-block-media-text__media\"><img loading=\"lazy\" decoding=\"async\" width=\"1024\" height=\"769\" src=\"https:\/\/schv.eu\/wp-content\/uploads\/2023\/10\/colotaupe-1024x769.jpg\" alt=\"\" class=\"wp-image-193 size-full\" srcset=\"https:\/\/schv.eu\/wp-content\/uploads\/2023\/10\/colotaupe-1024x769.jpg 1024w, https:\/\/schv.eu\/wp-content\/uploads\/2023\/10\/colotaupe-300x225.jpg 300w, https:\/\/schv.eu\/wp-content\/uploads\/2023\/10\/colotaupe-768x577.jpg 768w, https:\/\/schv.eu\/wp-content\/uploads\/2023\/10\/colotaupe-120x90.jpg 120w, https:\/\/schv.eu\/wp-content\/uploads\/2023\/10\/colotaupe.jpg 1139w\" sizes=\"auto, (max-width: 1024px) 100vw, 1024px\" \/><\/figure><div class=\"wp-block-media-text__content\">\n<p><\/p>\n\n\n\n<h2 class=\"wp-block-heading\"><a href=\"https:\/\/schv.eu\/wp-content\/uploads\/2023\/10\/Tracage-riviere-de-la-Taupe-6-au-10-mars-2021.pdf\"><strong>Tra\u00e7age de la rivi\u00e8re de la Taupe<\/strong>,<\/a> <\/h2>\n\n\n\n<p>du 6 au 10 mars 2021, avec Nolween, le Sp\u00e9l\u00e9o-club de P\u00e9rigueux, Leize Mendi , et le CDS 64.  La coloration ressort aux Cent Sources. R\u00e9cit d&rsquo;activit\u00e9s de terrain<\/p>\n<\/div><\/div>\n\n\n\n<p><a href=\"https:\/\/schv.eu\/wp-content\/uploads\/2023\/10\/Tracage-riviere-de-la-Taupe-6-au-10-mars-2021.pdf\"><\/a><\/p>\n\n\n\n<div class=\"wp-block-media-text is-stacked-on-mobile\" style=\"grid-template-columns:51% auto\"><figure class=\"wp-block-media-text__media\"><img loading=\"lazy\" decoding=\"async\" width=\"724\" height=\"1024\" src=\"https:\/\/schv.eu\/wp-content\/uploads\/2023\/10\/affiche-724x1024.png\" alt=\"\" class=\"wp-image-340 size-full\" srcset=\"https:\/\/schv.eu\/wp-content\/uploads\/2023\/10\/affiche-724x1024.png 724w, https:\/\/schv.eu\/wp-content\/uploads\/2023\/10\/affiche-212x300.png 212w, https:\/\/schv.eu\/wp-content\/uploads\/2023\/10\/affiche-768x1086.png 768w, https:\/\/schv.eu\/wp-content\/uploads\/2023\/10\/affiche-1086x1536.png 1086w, https:\/\/schv.eu\/wp-content\/uploads\/2023\/10\/affiche-1448x2048.png 1448w, https:\/\/schv.eu\/wp-content\/uploads\/2023\/10\/affiche.png 1873w\" sizes=\"auto, (max-width: 724px) 100vw, 724px\" \/><\/figure><div class=\"wp-block-media-text__content\">\n<p class=\"has-large-font-size\"><a href=\"https:\/\/schv.eu\/wp-content\/uploads\/2023\/10\/g1486.png\">Affiche 2022 : sous la brume des Arbailles &#8230; le vallon de Gal\u00e7arb\u00e9<\/a><\/p>\n<\/div><\/div>\n\n\n\n<p>     <\/p>\n\n\n\n<div class=\"wp-block-media-text is-stacked-on-mobile\" style=\"grid-template-columns:40% auto\"><figure class=\"wp-block-media-text__media\"><img loading=\"lazy\" decoding=\"async\" width=\"921\" height=\"700\" src=\"https:\/\/schv.eu\/wp-content\/uploads\/2023\/10\/localisation-taupe-306.jpg\" alt=\"\" class=\"wp-image-348 size-full\" srcset=\"https:\/\/schv.eu\/wp-content\/uploads\/2023\/10\/localisation-taupe-306.jpg 921w, https:\/\/schv.eu\/wp-content\/uploads\/2023\/10\/localisation-taupe-306-300x228.jpg 300w, https:\/\/schv.eu\/wp-content\/uploads\/2023\/10\/localisation-taupe-306-768x584.jpg 768w, https:\/\/schv.eu\/wp-content\/uploads\/2023\/10\/localisation-taupe-306-120x90.jpg 120w\" sizes=\"auto, (max-width: 921px) 100vw, 921px\" \/><\/figure><div class=\"wp-block-media-text__content\">\n<p class=\"has-medium-font-size\"><a href=\"https:\/\/schv.eu\/wp-content\/uploads\/2023\/10\/Garmin.zip\">Trac\u00e9s GPS Taupe et GA 306 et vers ancien cayolar d&rsquo;Exaltea<\/a> <\/p>\n<\/div><\/div>\n\n\n\n<p class=\"wp-container-content-759e20a8\"><\/p>\n\n\n\n<p> <\/p>\n\n\n\n<div class=\"wp-block-media-text is-stacked-on-mobile\" style=\"grid-template-columns:22% auto\"><figure class=\"wp-block-media-text__media\"><img loading=\"lazy\" decoding=\"async\" width=\"383\" height=\"419\" src=\"https:\/\/schv.eu\/wp-content\/uploads\/2023\/10\/ecran-disto.png\" alt=\"\" class=\"wp-image-199 size-full\" srcset=\"https:\/\/schv.eu\/wp-content\/uploads\/2023\/10\/ecran-disto.png 383w, https:\/\/schv.eu\/wp-content\/uploads\/2023\/10\/ecran-disto-274x300.png 274w\" sizes=\"auto, (max-width: 383px) 100vw, 383px\" \/><\/figure><div class=\"wp-block-media-text__content\">\n<p><\/p>\n\n\n\n<h2 class=\"wp-block-heading\"><a href=\"https:\/\/schv.eu\/wp-content\/uploads\/2023\/10\/2019-02-07-Manuel-DistoX2-SCHV.pdf\">Manuel d&rsquo;utilisation du DISTO X<\/a><\/h2>\n\n\n\n<p> par Jo\u00ebl. Ce t\u00e9l\u00e9m\u00e8tre laser Leica Disto puc\u00e9 par Jo\u00ebl donne la distance, l&rsquo;inclinaison, l&rsquo;azimut, une m\u00e9moire de 1000 mesures et un transfert Bluetooth vers une tablette \u00e9tanche.<\/p>\n<\/div><\/div>\n\n\n\n<p>  <\/p>\n\n\n\n<div class=\"wp-block-media-text has-media-on-the-right is-stacked-on-mobile is-vertically-aligned-top\"><div class=\"wp-block-media-text__content\">\n<p><\/p>\n\n\n\n<h2 class=\"wp-block-heading\"><a href=\"https:\/\/schv.eu\/wp-content\/uploads\/2023\/10\/Glaciere-du-Mazeau-2020.pdf\">La Glaci\u00e8re du Mazeau<\/a><\/h2>\n\n\n\n<p> commune de Saint-Priest-Taurion, Haute-Vienne : un ouvrage souterrain \u00e9tonnant d\u00e9gag\u00e9 et \u00e9tudi\u00e9 par le SCHV, et une histoire du domaine du Mazeau, pionnier de l&rsquo;excellence agricole au XIXe si\u00e8cle.<\/p>\n<\/div><figure class=\"wp-block-media-text__media\"><img loading=\"lazy\" decoding=\"async\" width=\"1024\" height=\"585\" src=\"https:\/\/schv.eu\/wp-content\/uploads\/2023\/10\/elevation-Mazeau-paint-1024x585.png\" alt=\"\" class=\"wp-image-197 size-full\" srcset=\"https:\/\/schv.eu\/wp-content\/uploads\/2023\/10\/elevation-Mazeau-paint-1024x585.png 1024w, https:\/\/schv.eu\/wp-content\/uploads\/2023\/10\/elevation-Mazeau-paint-300x171.png 300w, https:\/\/schv.eu\/wp-content\/uploads\/2023\/10\/elevation-Mazeau-paint-768x439.png 768w, https:\/\/schv.eu\/wp-content\/uploads\/2023\/10\/elevation-Mazeau-paint-1536x878.png 1536w, https:\/\/schv.eu\/wp-content\/uploads\/2023\/10\/elevation-Mazeau-paint-2048x1171.png 2048w\" sizes=\"auto, (max-width: 1024px) 100vw, 1024px\" \/><\/figure><\/div>\n\n\n\n<p> <\/p>\n\n\n\n<p><\/p>\n\n\n\n<div class=\"wp-block-media-text is-stacked-on-mobile\" style=\"grid-template-columns:30% auto\"><figure class=\"wp-block-media-text__media\"><img loading=\"lazy\" decoding=\"async\" width=\"768\" height=\"1024\" src=\"https:\/\/schv.eu\/wp-content\/uploads\/2023\/10\/DSCN1979-768x1024.jpg\" alt=\"\" class=\"wp-image-192 size-full\" srcset=\"https:\/\/schv.eu\/wp-content\/uploads\/2023\/10\/DSCN1979-768x1024.jpg 768w, https:\/\/schv.eu\/wp-content\/uploads\/2023\/10\/DSCN1979-225x300.jpg 225w, https:\/\/schv.eu\/wp-content\/uploads\/2023\/10\/DSCN1979-1152x1536.jpg 1152w, https:\/\/schv.eu\/wp-content\/uploads\/2023\/10\/DSCN1979-1536x2048.jpg 1536w, https:\/\/schv.eu\/wp-content\/uploads\/2023\/10\/DSCN1979-scaled.jpg 1920w\" sizes=\"auto, (max-width: 768px) 100vw, 768px\" \/><\/figure><div class=\"wp-block-media-text__content\">\n<p>Rapports d&rsquo;exp\u00e9dition adress\u00e9s \u00e0 la F\u00e9d\u00e9ration Fran\u00e7aise de Sp\u00e9l\u00e9ologie. La pr\u00e9sentation du massif est actualis\u00e9e dans chaque \u00e9dition. Les cavit\u00e9s d\u00e9couvertes sont situ\u00e9es, topographi\u00e9es et d\u00e9crites.<\/p>\n\n\n\n<h2 class=\"wp-block-heading\"><a href=\"https:\/\/schv.eu\/wp-content\/uploads\/2023\/10\/Racha-2018.pdf\">Rapport exp\u00e9dition Racha 2018<\/a><\/h2>\n\n\n\n<p>Massif de Racha, G\u00e9orgie. Prospection, explo, topo.  Version en fran\u00e7ais<\/p>\n\n\n\n<h2 class=\"wp-block-heading\"><a href=\"https:\/\/schv.eu\/wp-content\/uploads\/2023\/10\/report-Racha-2018.pdf\">Report Racha 2018 in English<\/a><\/h2>\n<\/div><\/div>\n\n\n\n<p><\/p>\n\n\n\n<div class=\"wp-block-media-text is-stacked-on-mobile\" style=\"grid-template-columns:30% auto\"><figure class=\"wp-block-media-text__media\"><img loading=\"lazy\" decoding=\"async\" width=\"1024\" height=\"768\" src=\"https:\/\/schv.eu\/wp-content\/uploads\/2023\/10\/DSCN3677.jpg\" alt=\"\" class=\"wp-image-319 size-full\" srcset=\"https:\/\/schv.eu\/wp-content\/uploads\/2023\/10\/DSCN3677.jpg 1024w, https:\/\/schv.eu\/wp-content\/uploads\/2023\/10\/DSCN3677-300x225.jpg 300w, https:\/\/schv.eu\/wp-content\/uploads\/2023\/10\/DSCN3677-768x576.jpg 768w, https:\/\/schv.eu\/wp-content\/uploads\/2023\/10\/DSCN3677-120x90.jpg 120w\" sizes=\"auto, (max-width: 1024px) 100vw, 1024px\" \/><\/figure><div class=\"wp-block-media-text__content\">\n<p><\/p>\n\n\n\n<h2 class=\"wp-block-heading\"><a href=\"https:\/\/schv.eu\/wp-content\/uploads\/2023\/10\/rapport-Racha-2019-v7.pdf\">Rapport exp\u00e9dition Racha 2019<\/a><\/h2>\n\n\n\n<p>Quelques explo avec des sp\u00e9l\u00e9o g\u00e9orgiens <\/p>\n<\/div><\/div>\n\n\n\n<p><\/p>\n\n\n\n<div class=\"wp-block-media-text is-stacked-on-mobile\" style=\"grid-template-columns:30% auto\"><figure class=\"wp-block-media-text__media\"><img loading=\"lazy\" decoding=\"async\" width=\"1024\" height=\"641\" src=\"https:\/\/schv.eu\/wp-content\/uploads\/2023\/10\/IMG_20221005_140933_1-scaled-e1697197870648-1024x641.jpg\" alt=\"\" class=\"wp-image-320 size-full\" srcset=\"https:\/\/schv.eu\/wp-content\/uploads\/2023\/10\/IMG_20221005_140933_1-scaled-e1697197870648-1024x641.jpg 1024w, https:\/\/schv.eu\/wp-content\/uploads\/2023\/10\/IMG_20221005_140933_1-scaled-e1697197870648-300x188.jpg 300w, https:\/\/schv.eu\/wp-content\/uploads\/2023\/10\/IMG_20221005_140933_1-scaled-e1697197870648-768x481.jpg 768w, https:\/\/schv.eu\/wp-content\/uploads\/2023\/10\/IMG_20221005_140933_1-scaled-e1697197870648-1536x962.jpg 1536w, https:\/\/schv.eu\/wp-content\/uploads\/2023\/10\/IMG_20221005_140933_1-scaled-e1697197870648-2048x1283.jpg 2048w\" sizes=\"auto, (max-width: 1024px) 100vw, 1024px\" \/><\/figure><div class=\"wp-block-media-text__content\">\n<p><\/p>\n\n\n\n<h2 class=\"wp-block-heading\"><a href=\"https:\/\/schv.eu\/wp-content\/uploads\/2023\/10\/rapport-Racha-2022g.pdf\">Rapport exp\u00e9dition Racha 2022<\/a><\/h2>\n\n\n\n<p>Racha en octobre, reconnaissances diverses <\/p>\n<\/div><\/div>\n\n\n\n<p><\/p>\n\n\n\n<p><\/p>\n\n\n\n<p><\/p>\n<\/div>\n\n\n\n<p><\/p>\n\n\n\n<p><\/p>\n\n\n\n<p><\/p>\n\n\n\n<p><\/p>\n\n\n\n<p><\/p>\n\n\n\n<p><\/p>\n\n\n\n<p><\/p>\n\n\n\n<p><\/p>\n\n\n\n<p><\/p>\n\n\n\n<p>. <\/p>\n\n\n\n<h2 class=\"wp-block-heading\"><\/h2>\n\n\n\n<h2 class=\"wp-block-heading\"><\/h2>\n","protected":false},"excerpt":{"rendered":"<p>Activit\u00e9s d&rsquo;exploration de sp\u00e9l\u00e9ologie du Sp\u00e9l\u00e9o-club de la Haute-Vienne, et reconnaissance d\u2019aqueducs souterrains autour de Limoges. Rapport exp\u00e9dition Racha \u10e0\u10d0\u10ed\u10d0 (G\u00e9orgie) 2023 sp\u00e9l\u00e9ologie Limoges Haute-Vienne sp\u00e9l\u00e9ologie Limoges Haute-Vienne Projet de coloration Taupe Arbailles, commune d&rsquo;Aussurucq, Pyr\u00e9n\u00e9es-Atlantiques Avec nos amis du Sp\u00e9l\u00e9o-club de Saint-Herblain (44), le projet mettait en avant l&rsquo;hypoth\u00e8se d&rsquo;une liaison hydrologique des cavit\u00e9s&hellip;<\/p>\n","protected":false},"author":2,"featured_media":0,"parent":0,"menu_order":0,"comment_status":"closed","ping_status":"closed","template":"","meta":{"footnotes":""},"class_list":["post-143","page","type-page","status-publish","hentry"],"yoast_head":"<!-- This site is optimized with the Yoast SEO plugin v27.2 - https:\/\/yoast.com\/product\/yoast-seo-wordpress\/ -->\n<title>Rapports et \u00e9tudes -<\/title>\n<meta name=\"description\" content=\"rapports publications sp\u00e9l\u00e9ologie, topographie, karstologie, hydrog\u00e9ologie, Arbailles, aqueducs souterrains, Caucase, G\u00e9orgie, Disto X Leica, glaci\u00e8re, Bardoulat de la Salvanie\" \/>\n<meta name=\"robots\" content=\"index, follow, max-snippet:-1, max-image-preview:large, max-video-preview:-1\" \/>\n<link rel=\"canonical\" href=\"https:\/\/schv.eu\/index.php\/publications-speleologie-schv\/\" \/>\n<meta property=\"og:locale\" content=\"fr_FR\" \/>\n<meta property=\"og:type\" content=\"article\" \/>\n<meta property=\"og:title\" content=\"Rapports et \u00e9tudes -\" \/>\n<meta property=\"og:description\" content=\"rapports publications sp\u00e9l\u00e9ologie, topographie, karstologie, hydrog\u00e9ologie, Arbailles, aqueducs souterrains, Caucase, G\u00e9orgie, Disto X Leica, glaci\u00e8re, Bardoulat de la Salvanie\" \/>\n<meta property=\"og:url\" content=\"https:\/\/schv.eu\/index.php\/publications-speleologie-schv\/\" \/>\n<meta property=\"article:publisher\" content=\"https:\/\/www.facebook.com\/speleoclub87\/\" \/>\n<meta property=\"article:modified_time\" content=\"2024-03-26T08:36:55+00:00\" \/>\n<meta property=\"og:image\" content=\"https:\/\/schv.eu\/wp-content\/uploads\/2024\/03\/20230701_160913-1024x473.jpg\" \/>\n<meta name=\"twitter:card\" content=\"summary_large_image\" \/>\n<meta name=\"twitter:label1\" content=\"Dur\u00e9e de lecture estim\u00e9e\" \/>\n\t<meta name=\"twitter:data1\" content=\"4 minutes\" \/>\n<script type=\"application\/ld+json\" class=\"yoast-schema-graph\">{\"@context\":\"https:\/\/schema.org\",\"@graph\":[{\"@type\":\"WebPage\",\"@id\":\"https:\/\/schv.eu\/index.php\/publications-speleologie-schv\/\",\"url\":\"https:\/\/schv.eu\/index.php\/publications-speleologie-schv\/\",\"name\":\"Rapports et \u00e9tudes -\",\"isPartOf\":{\"@id\":\"https:\/\/schv.eu\/#website\"},\"primaryImageOfPage\":{\"@id\":\"https:\/\/schv.eu\/index.php\/publications-speleologie-schv\/#primaryimage\"},\"image\":{\"@id\":\"https:\/\/schv.eu\/index.php\/publications-speleologie-schv\/#primaryimage\"},\"thumbnailUrl\":\"https:\/\/schv.eu\/wp-content\/uploads\/2024\/03\/20230701_160913-1024x473.jpg\",\"datePublished\":\"2023-10-11T15:18:10+00:00\",\"dateModified\":\"2024-03-26T08:36:55+00:00\",\"description\":\"rapports publications sp\u00e9l\u00e9ologie, topographie, karstologie, hydrog\u00e9ologie, Arbailles, aqueducs souterrains, Caucase, G\u00e9orgie, Disto X Leica, glaci\u00e8re, Bardoulat de la Salvanie\",\"breadcrumb\":{\"@id\":\"https:\/\/schv.eu\/index.php\/publications-speleologie-schv\/#breadcrumb\"},\"inLanguage\":\"fr-FR\",\"potentialAction\":[{\"@type\":\"ReadAction\",\"target\":[\"https:\/\/schv.eu\/index.php\/publications-speleologie-schv\/\"]}]},{\"@type\":\"ImageObject\",\"inLanguage\":\"fr-FR\",\"@id\":\"https:\/\/schv.eu\/index.php\/publications-speleologie-schv\/#primaryimage\",\"url\":\"https:\/\/schv.eu\/wp-content\/uploads\/2024\/03\/20230701_160913-scaled.jpg\",\"contentUrl\":\"https:\/\/schv.eu\/wp-content\/uploads\/2024\/03\/20230701_160913-scaled.jpg\",\"width\":2560,\"height\":1183},{\"@type\":\"BreadcrumbList\",\"@id\":\"https:\/\/schv.eu\/index.php\/publications-speleologie-schv\/#breadcrumb\",\"itemListElement\":[{\"@type\":\"ListItem\",\"position\":1,\"name\":\"Accueil\",\"item\":\"https:\/\/schv.eu\/\"},{\"@type\":\"ListItem\",\"position\":2,\"name\":\"Rapports et \u00e9tudes\"}]},{\"@type\":\"WebSite\",\"@id\":\"https:\/\/schv.eu\/#website\",\"url\":\"https:\/\/schv.eu\/\",\"name\":\"schv sp\u00e9l\u00e9ologie en Haute-Vienne\",\"description\":\"La sp\u00e9l\u00e9ologie en Haute-Vienne avec le SCHV\",\"alternateName\":\"sp\u00e9l\u00e9o club de la Haute Vienne\",\"potentialAction\":[{\"@type\":\"SearchAction\",\"target\":{\"@type\":\"EntryPoint\",\"urlTemplate\":\"https:\/\/schv.eu\/?s={search_term_string}\"},\"query-input\":{\"@type\":\"PropertyValueSpecification\",\"valueRequired\":true,\"valueName\":\"search_term_string\"}}],\"inLanguage\":\"fr-FR\"}]}<\/script>\n<!-- \/ Yoast SEO plugin. -->","yoast_head_json":{"title":"Rapports et \u00e9tudes -","description":"rapports publications sp\u00e9l\u00e9ologie, topographie, karstologie, hydrog\u00e9ologie, Arbailles, aqueducs souterrains, Caucase, G\u00e9orgie, Disto X Leica, glaci\u00e8re, Bardoulat de la Salvanie","robots":{"index":"index","follow":"follow","max-snippet":"max-snippet:-1","max-image-preview":"max-image-preview:large","max-video-preview":"max-video-preview:-1"},"canonical":"https:\/\/schv.eu\/index.php\/publications-speleologie-schv\/","og_locale":"fr_FR","og_type":"article","og_title":"Rapports et \u00e9tudes -","og_description":"rapports publications sp\u00e9l\u00e9ologie, topographie, karstologie, hydrog\u00e9ologie, Arbailles, aqueducs souterrains, Caucase, G\u00e9orgie, Disto X Leica, glaci\u00e8re, Bardoulat de la Salvanie","og_url":"https:\/\/schv.eu\/index.php\/publications-speleologie-schv\/","article_publisher":"https:\/\/www.facebook.com\/speleoclub87\/","article_modified_time":"2024-03-26T08:36:55+00:00","og_image":[{"url":"https:\/\/schv.eu\/wp-content\/uploads\/2024\/03\/20230701_160913-1024x473.jpg","type":"","width":"","height":""}],"twitter_card":"summary_large_image","twitter_misc":{"Dur\u00e9e de lecture estim\u00e9e":"4 minutes"},"schema":{"@context":"https:\/\/schema.org","@graph":[{"@type":"WebPage","@id":"https:\/\/schv.eu\/index.php\/publications-speleologie-schv\/","url":"https:\/\/schv.eu\/index.php\/publications-speleologie-schv\/","name":"Rapports et \u00e9tudes -","isPartOf":{"@id":"https:\/\/schv.eu\/#website"},"primaryImageOfPage":{"@id":"https:\/\/schv.eu\/index.php\/publications-speleologie-schv\/#primaryimage"},"image":{"@id":"https:\/\/schv.eu\/index.php\/publications-speleologie-schv\/#primaryimage"},"thumbnailUrl":"https:\/\/schv.eu\/wp-content\/uploads\/2024\/03\/20230701_160913-1024x473.jpg","datePublished":"2023-10-11T15:18:10+00:00","dateModified":"2024-03-26T08:36:55+00:00","description":"rapports publications sp\u00e9l\u00e9ologie, topographie, karstologie, hydrog\u00e9ologie, Arbailles, aqueducs souterrains, Caucase, G\u00e9orgie, Disto X Leica, glaci\u00e8re, Bardoulat de la Salvanie","breadcrumb":{"@id":"https:\/\/schv.eu\/index.php\/publications-speleologie-schv\/#breadcrumb"},"inLanguage":"fr-FR","potentialAction":[{"@type":"ReadAction","target":["https:\/\/schv.eu\/index.php\/publications-speleologie-schv\/"]}]},{"@type":"ImageObject","inLanguage":"fr-FR","@id":"https:\/\/schv.eu\/index.php\/publications-speleologie-schv\/#primaryimage","url":"https:\/\/schv.eu\/wp-content\/uploads\/2024\/03\/20230701_160913-scaled.jpg","contentUrl":"https:\/\/schv.eu\/wp-content\/uploads\/2024\/03\/20230701_160913-scaled.jpg","width":2560,"height":1183},{"@type":"BreadcrumbList","@id":"https:\/\/schv.eu\/index.php\/publications-speleologie-schv\/#breadcrumb","itemListElement":[{"@type":"ListItem","position":1,"name":"Accueil","item":"https:\/\/schv.eu\/"},{"@type":"ListItem","position":2,"name":"Rapports et \u00e9tudes"}]},{"@type":"WebSite","@id":"https:\/\/schv.eu\/#website","url":"https:\/\/schv.eu\/","name":"schv sp\u00e9l\u00e9ologie en Haute-Vienne","description":"La sp\u00e9l\u00e9ologie en Haute-Vienne avec le SCHV","alternateName":"sp\u00e9l\u00e9o club de la Haute Vienne","potentialAction":[{"@type":"SearchAction","target":{"@type":"EntryPoint","urlTemplate":"https:\/\/schv.eu\/?s={search_term_string}"},"query-input":{"@type":"PropertyValueSpecification","valueRequired":true,"valueName":"search_term_string"}}],"inLanguage":"fr-FR"}]}},"_links":{"self":[{"href":"https:\/\/schv.eu\/index.php\/wp-json\/wp\/v2\/pages\/143","targetHints":{"allow":["GET"]}}],"collection":[{"href":"https:\/\/schv.eu\/index.php\/wp-json\/wp\/v2\/pages"}],"about":[{"href":"https:\/\/schv.eu\/index.php\/wp-json\/wp\/v2\/types\/page"}],"author":[{"embeddable":true,"href":"https:\/\/schv.eu\/index.php\/wp-json\/wp\/v2\/users\/2"}],"replies":[{"embeddable":true,"href":"https:\/\/schv.eu\/index.php\/wp-json\/wp\/v2\/comments?post=143"}],"version-history":[{"count":67,"href":"https:\/\/schv.eu\/index.php\/wp-json\/wp\/v2\/pages\/143\/revisions"}],"predecessor-version":[{"id":871,"href":"https:\/\/schv.eu\/index.php\/wp-json\/wp\/v2\/pages\/143\/revisions\/871"}],"wp:attachment":[{"href":"https:\/\/schv.eu\/index.php\/wp-json\/wp\/v2\/media?parent=143"}],"curies":[{"name":"wp","href":"https:\/\/api.w.org\/{rel}","templated":true}]}}